{"id":1267,"date":"2025-12-30T11:53:03","date_gmt":"2025-12-30T11:53:03","guid":{"rendered":"https:\/\/wasatchimmigrationproject.org\/?page_id=1267"},"modified":"2026-01-07T06:06:25","modified_gmt":"2026-01-07T06:06:25","slug":"donate","status":"publish","type":"page","link":"https:\/\/wasatchimmigrationproject.org\/es\/donate\/","title":{"rendered":"Done al Proyecto de Inmigraci\u00f3n Wasatch"},"content":{"rendered":"<br>\n\n\n\n<div class=\"wp-block-columns is-layout-flex wp-container-core-columns-is-layout-a5331a9e wp-block-columns-is-layout-flex\" style=\"padding-top:0;padding-right:0;padding-bottom:0;padding-left:0\">\n<div class=\"wp-block-column is-layout-flow wp-block-column-is-layout-flow\">\n<p>WIP es una organizaci\u00f3n registrada 501(c)(3) (EIN# 93-2345617). \u00a1Contamos con el generoso apoyo de nuestros donantes para ver, escuchar y representar!<\/p>\n\n\n\n<p>Los abogados de WIP brindan representaci\u00f3n legal de alta calidad a inmigrantes que no pueden costear abogados privados. Su donaci\u00f3n fortalece nuestro impacto, al llegar a m\u00e1s personas que necesitan asesoramiento legal urgentemente, capacitar a m\u00e1s abogados para brindar dicha asesor\u00eda y colaborar con otras organizaciones sin fines de lucro de Utah para brindar un mejor apoyo a nuestra comunidad inmigrante.<\/p>\n\n\n\n<p>Por favor, considere hacer una donaci\u00f3n. Ninguna cantidad es demasiado peque\u00f1a.<\/p>\n\n\n\n<br>\n\n\n\n<figure class=\"wp-block-image alignleft size-full\"><img fetchpriority=\"high\" decoding=\"async\" width=\"620\" height=\"516\" src=\"https:\/\/wasatchimmigrationproject.org\/wp-content\/uploads\/2025\/12\/wip_team.jpg\" alt=\"\" class=\"wp-image-1271\" srcset=\"https:\/\/wasatchimmigrationproject.org\/wp-content\/uploads\/2025\/12\/wip_team.jpg 620w, https:\/\/wasatchimmigrationproject.org\/wp-content\/uploads\/2025\/12\/wip_team-300x250.jpg 300w, https:\/\/wasatchimmigrationproject.org\/wp-content\/uploads\/2025\/12\/wip_team-14x12.jpg 14w\" sizes=\"(max-width: 620px) 100vw, 620px\" \/><\/figure>\n<\/div>\n\n\n\n<div class=\"wp-block-column has-border-color has-ast-global-color-6-border-color has-ast-global-color-6-background-color has-background is-layout-flow wp-block-column-is-layout-flow\" style=\"border-width:10px;padding-top:0;padding-right:0;padding-bottom:0;padding-left:0\">\n<script type=\"text\/javascript\" src=\"https:\/\/secure.lglforms.com\/form_engine\/s\/kCyq4CqmnM3VNbfLbN6now.js\"><\/script><noscript><a href=\"https:\/\/secure.lglforms.com\/form_engine\/s\/kCyq4CqmnM3VNbfLbN6now\">\u00a1Complete mi formulario LGL!<\/a><br\/><\/noscript>\n<\/div>\n<\/div>","protected":false},"excerpt":{"rendered":"<p>WIP is a registered 501(c)(3) organization (EIN# 93-2345617). We rely on the generous support of our donors to See, Hear, [&hellip;]<\/p>\n","protected":false},"author":2,"featured_media":0,"parent":0,"menu_order":0,"comment_status":"closed","ping_status":"closed","template":"","meta":{"site-sidebar-layout":"default","site-content-layout":"","ast-site-content-layout":"default","site-content-style":"default","site-sidebar-style":"default","ast-global-header-display":"","ast-banner-title-visibility":"","ast-main-header-display":"","ast-hfb-above-header-display":"","ast-hfb-below-header-display":"","ast-hfb-mobile-header-display":"","site-post-title":"","ast-breadcrumbs-content":"","ast-featured-img":"","footer-sml-layout":"","theme-transparent-header-meta":"","adv-header-id-meta":"","stick-header-meta":"","header-above-stick-meta":"","header-main-stick-meta":"","header-below-stick-meta":"","astra-migrate-meta-layouts":"default","ast-page-background-enabled":"default","ast-page-background-meta":{"desktop":{"background-color":"var(--ast-global-color-4)","background-image":"","background-repeat":"repeat","background-position":"center center","background-size":"auto","background-attachment":"scroll","background-type":"","background-media":"","overlay-type":"","overlay-color":"","overlay-opacity":"","overlay-gradient":""},"tablet":{"background-color":"","background-image":"","background-repeat":"repeat","background-position":"center center","background-size":"auto","background-attachment":"scroll","background-type":"","background-media":"","overlay-type":"","overlay-color":"","overlay-opacity":"","overlay-gradient":""},"mobile":{"background-color":"","background-image":"","background-repeat":"repeat","background-position":"center center","background-size":"auto","background-attachment":"scroll","background-type":"","background-media":"","overlay-type":"","overlay-color":"","overlay-opacity":"","overlay-gradient":""}},"ast-content-background-meta":{"desktop":{"background-color":"var(--ast-global-color-5)","background-image":"","background-repeat":"repeat","background-position":"center center","background-size":"auto","background-attachment":"scroll","background-type":"","background-media":"","overlay-type":"","overlay-color":"","overlay-opacity":"","overlay-gradient":""},"tablet":{"background-color":"var(--ast-global-color-5)","background-image":"","background-repeat":"repeat","background-position":"center center","background-size":"auto","background-attachment":"scroll","background-type":"","background-media":"","overlay-type":"","overlay-color":"","overlay-opacity":"","overlay-gradient":""},"mobile":{"background-color":"var(--ast-global-color-5)","background-image":"","background-repeat":"repeat","background-position":"center center","background-size":"auto","background-attachment":"scroll","background-type":"","background-media":"","overlay-type":"","overlay-color":"","overlay-opacity":"","overlay-gradient":""}},"footnotes":""},"class_list":["post-1267","page","type-page","status-publish","hentry"],"_links":{"self":[{"href":"https:\/\/wasatchimmigrationproject.org\/es\/wp-json\/wp\/v2\/pages\/1267","targetHints":{"allow":["GET"]}}],"collection":[{"href":"https:\/\/wasatchimmigrationproject.org\/es\/wp-json\/wp\/v2\/pages"}],"about":[{"href":"https:\/\/wasatchimmigrationproject.org\/es\/wp-json\/wp\/v2\/types\/page"}],"author":[{"embeddable":true,"href":"https:\/\/wasatchimmigrationproject.org\/es\/wp-json\/wp\/v2\/users\/2"}],"replies":[{"embeddable":true,"href":"https:\/\/wasatchimmigrationproject.org\/es\/wp-json\/wp\/v2\/comments?post=1267"}],"version-history":[{"count":13,"href":"https:\/\/wasatchimmigrationproject.org\/es\/wp-json\/wp\/v2\/pages\/1267\/revisions"}],"predecessor-version":[{"id":1289,"href":"https:\/\/wasatchimmigrationproject.org\/es\/wp-json\/wp\/v2\/pages\/1267\/revisions\/1289"}],"wp:attachment":[{"href":"https:\/\/wasatchimmigrationproject.org\/es\/wp-json\/wp\/v2\/media?parent=1267"}],"curies":[{"name":"gracias","href":"https:\/\/api.w.org\/{rel}","templated":true}]}}