{"id":803,"date":"2024-03-05T02:06:15","date_gmt":"2024-03-05T02:06:15","guid":{"rendered":"https:\/\/wasatchimmigrationproject.org\/?page_id=803"},"modified":"2024-03-05T02:10:58","modified_gmt":"2024-03-05T02:10:58","slug":"volunteer","status":"publish","type":"page","link":"https:\/\/wasatchimmigrationproject.org\/es\/volunteer\/","title":{"rendered":"Voluntario \u2013 Proyecto de Inmigraci\u00f3n Wasatch"},"content":{"rendered":"<p style=\"margin-bottom: 20px;\">\u00a1WIP depende de su grupo de voluntarios para ver, o\u00edr y representar!<\/p>\n\n<p style=\"margin-bottom: 20px;\">Hay muchas maneras de contribuir con su tiempo y talento a nuestra Misi\u00f3n, desde conectarse con clientes potenciales y otras organizaciones sin fines de lucro de inmigraci\u00f3n hasta brindar interpretaci\u00f3n para representaci\u00f3n legal y representar a una persona con su caso de asilo afirmativo. No se requiere experiencia previa: \u00a1estamos ansiosos por capacitar a la pr\u00f3xima generaci\u00f3n de defensores de las leyes de inmigraci\u00f3n! <\/p>\n\n<p style=\"margin-bottom: 20px;\">Si est\u00e1 interesado en obtener m\u00e1s informaci\u00f3n sobre las oportunidades de voluntariado, cont\u00e1ctenos.<\/p>\n\n\n\n\n<br \/>","protected":false},"excerpt":{"rendered":"<p>WIP relies on its cadre of volunteers in order to See, Hear, and Represent! There are many ways for you [&hellip;]<\/p>\n","protected":false},"author":2,"featured_media":0,"parent":0,"menu_order":0,"comment_status":"closed","ping_status":"closed","template":"","meta":{"site-sidebar-layout":"default","site-content-layout":"","ast-site-content-layout":"default","site-content-style":"default","site-sidebar-style":"default","ast-global-header-display":"","ast-banner-title-visibility":"","ast-main-header-display":"","ast-hfb-above-header-display":"","ast-hfb-below-header-display":"","ast-hfb-mobile-header-display":"","site-post-title":"","ast-breadcrumbs-content":"","ast-featured-img":"","footer-sml-layout":"","theme-transparent-header-meta":"","adv-header-id-meta":"","stick-header-meta":"","header-above-stick-meta":"","header-main-stick-meta":"","header-below-stick-meta":"","astra-migrate-meta-layouts":"default","ast-page-background-enabled":"default","ast-page-background-meta":{"desktop":{"background-color":"var(--ast-global-color-4)","background-image":"","background-repeat":"repeat","background-position":"center center","background-size":"auto","background-attachment":"scroll","background-type":"","background-media":"","overlay-type":"","overlay-color":"","overlay-opacity":"","overlay-gradient":""},"tablet":{"background-color":"","background-image":"","background-repeat":"repeat","background-position":"center center","background-size":"auto","background-attachment":"scroll","background-type":"","background-media":"","overlay-type":"","overlay-color":"","overlay-opacity":"","overlay-gradient":""},"mobile":{"background-color":"","background-image":"","background-repeat":"repeat","background-position":"center center","background-size":"auto","background-attachment":"scroll","background-type":"","background-media":"","overlay-type":"","overlay-color":"","overlay-opacity":"","overlay-gradient":""}},"ast-content-background-meta":{"desktop":{"background-color":"var(--ast-global-color-5)","background-image":"","background-repeat":"repeat","background-position":"center center","background-size":"auto","background-attachment":"scroll","background-type":"","background-media":"","overlay-type":"","overlay-color":"","overlay-opacity":"","overlay-gradient":""},"tablet":{"background-color":"var(--ast-global-color-5)","background-image":"","background-repeat":"repeat","background-position":"center center","background-size":"auto","background-attachment":"scroll","background-type":"","background-media":"","overlay-type":"","overlay-color":"","overlay-opacity":"","overlay-gradient":""},"mobile":{"background-color":"var(--ast-global-color-5)","background-image":"","background-repeat":"repeat","background-position":"center center","background-size":"auto","background-attachment":"scroll","background-type":"","background-media":"","overlay-type":"","overlay-color":"","overlay-opacity":"","overlay-gradient":""}},"footnotes":""},"class_list":["post-803","page","type-page","status-publish","hentry"],"_links":{"self":[{"href":"https:\/\/wasatchimmigrationproject.org\/es\/wp-json\/wp\/v2\/pages\/803","targetHints":{"allow":["GET"]}}],"collection":[{"href":"https:\/\/wasatchimmigrationproject.org\/es\/wp-json\/wp\/v2\/pages"}],"about":[{"href":"https:\/\/wasatchimmigrationproject.org\/es\/wp-json\/wp\/v2\/types\/page"}],"author":[{"embeddable":true,"href":"https:\/\/wasatchimmigrationproject.org\/es\/wp-json\/wp\/v2\/users\/2"}],"replies":[{"embeddable":true,"href":"https:\/\/wasatchimmigrationproject.org\/es\/wp-json\/wp\/v2\/comments?post=803"}],"version-history":[{"count":5,"href":"https:\/\/wasatchimmigrationproject.org\/es\/wp-json\/wp\/v2\/pages\/803\/revisions"}],"predecessor-version":[{"id":808,"href":"https:\/\/wasatchimmigrationproject.org\/es\/wp-json\/wp\/v2\/pages\/803\/revisions\/808"}],"wp:attachment":[{"href":"https:\/\/wasatchimmigrationproject.org\/es\/wp-json\/wp\/v2\/media?parent=803"}],"curies":[{"name":"gracias","href":"https:\/\/api.w.org\/{rel}","templated":true}]}}